{"id":16,"date":"2019-09-11T20:02:07","date_gmt":"2019-09-11T18:02:07","guid":{"rendered":"http:\/\/fof-7.midtfynwebdesign.dk\/?page_id=16"},"modified":"2026-02-08T15:49:54","modified_gmt":"2026-02-08T14:49:54","slug":"velkommen","status":"publish","type":"page","link":"https:\/\/bb-strandhuset.dk\/en\/velkommen\/","title":{"rendered":"Velkommen til B&#038;B Strandhuset"},"content":{"rendered":"<h2 style=\"margin-bottom: 6px;\">V\u00e6lger I Dagel\u00f8kke B&amp;B f\u00e5r I her kontakt direkte til en v\u00e6rt i lokalomr\u00e5det og et ophold til en s\u00e6rdeles rimelig pris.<br \/>\nStrandhuset B&amp;B offers a quiet and relaxed atmosphere. For this we have rooms for 2 and 4 persons plus the possibility of extra beds.<br \/>\nRigtig mange steder p\u00e5 det sk\u00f8nne Langeland kan man tilbydes havudsigt. Dagel\u00f8kke B&amp;B er placeret n\u00e6rmest p\u00e5 strandbredden, s\u00e5 efter at have nydt en fantastisk solnedgang v\u00e5gner I op til ikke alene havudsigt, men ogs\u00e5 lyden\u00a0af b\u00f8lgeskvulp fra den dejlige badestrand 70 skridt udenfor vinduet.<br \/>\nDagel\u00f8kke B&amp;B serverer god og rigelig morgenmad og indfrier gerne jeres helt specielle \u00f8nsker herom.<br \/>\nDagel\u00f8kke ligger omkranset af Nordlangelands smukkeste natur lige ned til vandet med fantastisk udsigt til den sydfynske kyst. &#8220;Midtbyen&#8221; har 7 fastboende indbyggere, en lille lystb\u00e5dehavn.<br \/>\nDer er 20 km til Rudk\u00f8bing mod syd og 10 km til Lohals mod nord. \u00d8havsstien passerer lige udenfor vinduerne &#8211; hele \u00e5ret.<br \/>\nIn addition to a large east-facing terrace, Dagel\u00f8kke B&amp;B also has private parking. We place great emphasis on providing as good personal service as possible and to best fulfill your wishes of all kinds.<br \/>\nArrival after 3 pm afternoon coffee\/Tea.<br \/>\nPris dobb.v\u00e6r. pr. d\u00f8gn inkl. morgenmad, linned og h\u00e5ndkl\u00e6der i alt kr. 950.00. Rabat ved flere d\u00f8gn.<\/h2>\n<p style=\"margin-bottom: 6px;\">Kontakt direkte Jack St\u00e6hr p\u00e5 tlf. 24478836 eller mail jackstaehr@hotmail.com for reservation til en uforglemmelig oplevelse.<\/p>\n<p style=\"margin-top: 6px; margin-bottom: 6px;\">Mvh. &#8220;Dagel\u00f8kke B&amp;B&#8221; &#8211; et ophold lidt bedre:-)<\/p>\n<p><img fetchpriority=\"high\" decoding=\"async\" src=\"https:\/\/bb-strandhuset.dk\/wp-content\/uploads\/2019\/09\/strandhuset-4-1024x574.jpg\" sizes=\"(max-width: 1024px) 100vw, 1024px\" srcset=\"https:\/\/bb-strandhuset.dk\/wp-content\/uploads\/2019\/09\/strandhuset-4-1024x574.jpg 1024w, https:\/\/bb-strandhuset.dk\/wp-content\/uploads\/2019\/09\/strandhuset-4-300x168.jpg 300w, https:\/\/bb-strandhuset.dk\/wp-content\/uploads\/2019\/09\/strandhuset-4-768x430.jpg 768w, https:\/\/bb-strandhuset.dk\/wp-content\/uploads\/2019\/09\/strandhuset-4.jpg 1713w\" alt=\"v\u00e6relse\" width=\"1024\" height=\"574\" \/><\/p>\n<figure><img decoding=\"async\" src=\"https:\/\/bb-strandhuset.dk\/wp-content\/uploads\/2019\/09\/strandhuset-1-1024x574.jpg\" sizes=\"(max-width: 1024px) 100vw, 1024px\" srcset=\"https:\/\/bb-strandhuset.dk\/wp-content\/uploads\/2019\/09\/strandhuset-1-1024x574.jpg 1024w, https:\/\/bb-strandhuset.dk\/wp-content\/uploads\/2019\/09\/strandhuset-1-300x168.jpg 300w, https:\/\/bb-strandhuset.dk\/wp-content\/uploads\/2019\/09\/strandhuset-1-768x430.jpg 768w, https:\/\/bb-strandhuset.dk\/wp-content\/uploads\/2019\/09\/strandhuset-1.jpg 1713w\" alt=\"\" width=\"1024\" height=\"574\" \/><figcaption>Vue med udsigt over b\u00e6ltet<\/figcaption><\/figure>\n<p><a role=\"button\" href=\"#\"><br \/>\nKlik her<br \/>\n<\/a><\/p>","protected":false},"excerpt":{"rendered":"<p>V\u00e6lger I Dagel\u00f8kke B&amp;B f\u00e5r I her kontakt direkte til en v\u00e6rt i lokalomr\u00e5det og et ophold til en s\u00e6rdeles rimelig pris. Dagel\u00f8kke B&amp;B tilbyder en rolig og afslappet atmosf\u00e6re. Hertil r\u00e5der vi over v\u00e6relser til 2 og 4 personer plus mulighed for opredninger. Rigtig mange steder p\u00e5 det sk\u00f8nne Langeland kan man tilbydes havudsigt. [&hellip;]<\/p>\n","protected":false},"author":1,"featured_media":0,"parent":0,"menu_order":0,"comment_status":"closed","ping_status":"closed","template":"elementor_header_footer","meta":{"footnotes":""},"class_list":["post-16","page","type-page","status-publish","hentry","entry"],"yoast_head":"<!-- This site is optimized with the Yoast SEO plugin v26.5 - https:\/\/yoast.com\/wordpress\/plugins\/seo\/ -->\n<title>Velkommen til B&amp;B Strandhuset - Strandhuset<\/title>\n<meta name=\"robots\" content=\"index, follow, max-snippet:-1, max-image-preview:large, max-video-preview:-1\" \/>\n<link rel=\"canonical\" href=\"https:\/\/bb-strandhuset.dk\/en\/velkommen\/\" \/>\n<meta property=\"og:locale\" content=\"en_GB\" \/>\n<meta property=\"og:type\" content=\"article\" \/>\n<meta property=\"og:title\" content=\"Velkommen til B&amp;B Strandhuset - Strandhuset\" \/>\n<meta property=\"og:description\" content=\"V\u00e6lger I Dagel\u00f8kke B&amp;B f\u00e5r I her kontakt direkte til en v\u00e6rt i lokalomr\u00e5det og et ophold til en s\u00e6rdeles rimelig pris. Dagel\u00f8kke B&amp;B tilbyder en rolig og afslappet atmosf\u00e6re. Hertil r\u00e5der vi over v\u00e6relser til 2 og 4 personer plus mulighed for opredninger. Rigtig mange steder p\u00e5 det sk\u00f8nne Langeland kan man tilbydes havudsigt. [&hellip;]\" \/>\n<meta property=\"og:url\" content=\"https:\/\/bb-strandhuset.dk\/en\/velkommen\/\" \/>\n<meta property=\"og:site_name\" content=\"Strandhuset\" \/>\n<meta property=\"article:modified_time\" content=\"2026-02-08T14:49:54+00:00\" \/>\n<meta property=\"og:image\" content=\"https:\/\/bb-strandhuset.dk\/wp-content\/uploads\/2019\/09\/strandhuset-4-1024x574.jpg\" \/>\n<meta name=\"twitter:card\" content=\"summary_large_image\" \/>\n<meta name=\"twitter:label1\" content=\"Estimated reading time\" \/>\n\t<meta name=\"twitter:data1\" content=\"2 minutes\" \/>\n<script type=\"application\/ld+json\" class=\"yoast-schema-graph\">{\"@context\":\"https:\/\/schema.org\",\"@graph\":[{\"@type\":\"WebPage\",\"@id\":\"https:\/\/bb-strandhuset.dk\/velkommen\/\",\"url\":\"https:\/\/bb-strandhuset.dk\/velkommen\/\",\"name\":\"Velkommen til B&B Strandhuset - Strandhuset\",\"isPartOf\":{\"@id\":\"https:\/\/bb-strandhuset.dk\/#website\"},\"primaryImageOfPage\":{\"@id\":\"https:\/\/bb-strandhuset.dk\/velkommen\/#primaryimage\"},\"image\":{\"@id\":\"https:\/\/bb-strandhuset.dk\/velkommen\/#primaryimage\"},\"thumbnailUrl\":\"https:\/\/bb-strandhuset.dk\/wp-content\/uploads\/2019\/09\/strandhuset-4-1024x574.jpg\",\"datePublished\":\"2019-09-11T18:02:07+00:00\",\"dateModified\":\"2026-02-08T14:49:54+00:00\",\"breadcrumb\":{\"@id\":\"https:\/\/bb-strandhuset.dk\/velkommen\/#breadcrumb\"},\"inLanguage\":\"en-GB\",\"potentialAction\":[{\"@type\":\"ReadAction\",\"target\":[\"https:\/\/bb-strandhuset.dk\/velkommen\/\"]}]},{\"@type\":\"ImageObject\",\"inLanguage\":\"en-GB\",\"@id\":\"https:\/\/bb-strandhuset.dk\/velkommen\/#primaryimage\",\"url\":\"https:\/\/bb-strandhuset.dk\/wp-content\/uploads\/2019\/09\/strandhuset-4-1024x574.jpg\",\"contentUrl\":\"https:\/\/bb-strandhuset.dk\/wp-content\/uploads\/2019\/09\/strandhuset-4-1024x574.jpg\"},{\"@type\":\"BreadcrumbList\",\"@id\":\"https:\/\/bb-strandhuset.dk\/velkommen\/#breadcrumb\",\"itemListElement\":[{\"@type\":\"ListItem\",\"position\":1,\"name\":\"Hjem\",\"item\":\"https:\/\/bb-strandhuset.dk\/\"},{\"@type\":\"ListItem\",\"position\":2,\"name\":\"Velkommen til B&#038;B Strandhuset\"}]},{\"@type\":\"WebSite\",\"@id\":\"https:\/\/bb-strandhuset.dk\/#website\",\"url\":\"https:\/\/bb-strandhuset.dk\/\",\"name\":\"FOF7\",\"description\":\"Bed &amp; Breakfast Strandhuset\",\"publisher\":{\"@id\":\"https:\/\/bb-strandhuset.dk\/#\/schema\/person\/8f68dd57db56e7618f8193900bc3c92f\"},\"potentialAction\":[{\"@type\":\"SearchAction\",\"target\":{\"@type\":\"EntryPoint\",\"urlTemplate\":\"https:\/\/bb-strandhuset.dk\/?s={search_term_string}\"},\"query-input\":{\"@type\":\"PropertyValueSpecification\",\"valueRequired\":true,\"valueName\":\"search_term_string\"}}],\"inLanguage\":\"en-GB\"},{\"@type\":[\"Person\",\"Organization\"],\"@id\":\"https:\/\/bb-strandhuset.dk\/#\/schema\/person\/8f68dd57db56e7618f8193900bc3c92f\",\"name\":\"fof-7\",\"image\":{\"@type\":\"ImageObject\",\"inLanguage\":\"en-GB\",\"@id\":\"https:\/\/bb-strandhuset.dk\/#\/schema\/person\/image\/\",\"url\":\"https:\/\/secure.gravatar.com\/avatar\/a337e83d2ffe0819864f0fcd1159a471?s=96&d=mm&r=g\",\"contentUrl\":\"https:\/\/secure.gravatar.com\/avatar\/a337e83d2ffe0819864f0fcd1159a471?s=96&d=mm&r=g\",\"caption\":\"fof-7\"},\"logo\":{\"@id\":\"https:\/\/bb-strandhuset.dk\/#\/schema\/person\/image\/\"}}]}<\/script>\n<!-- \/ Yoast SEO plugin. -->","yoast_head_json":{"title":"Velkommen til B&B Strandhuset - Strandhuset","robots":{"index":"index","follow":"follow","max-snippet":"max-snippet:-1","max-image-preview":"max-image-preview:large","max-video-preview":"max-video-preview:-1"},"canonical":"https:\/\/bb-strandhuset.dk\/en\/velkommen\/","og_locale":"en_GB","og_type":"article","og_title":"Velkommen til B&B Strandhuset - Strandhuset","og_description":"V\u00e6lger I Dagel\u00f8kke B&amp;B f\u00e5r I her kontakt direkte til en v\u00e6rt i lokalomr\u00e5det og et ophold til en s\u00e6rdeles rimelig pris. Dagel\u00f8kke B&amp;B tilbyder en rolig og afslappet atmosf\u00e6re. Hertil r\u00e5der vi over v\u00e6relser til 2 og 4 personer plus mulighed for opredninger. Rigtig mange steder p\u00e5 det sk\u00f8nne Langeland kan man tilbydes havudsigt. [&hellip;]","og_url":"https:\/\/bb-strandhuset.dk\/en\/velkommen\/","og_site_name":"Strandhuset","article_modified_time":"2026-02-08T14:49:54+00:00","og_image":[{"url":"https:\/\/bb-strandhuset.dk\/wp-content\/uploads\/2019\/09\/strandhuset-4-1024x574.jpg","type":"","width":"","height":""}],"twitter_card":"summary_large_image","twitter_misc":{"Estimated reading time":"2 minutes"},"schema":{"@context":"https:\/\/schema.org","@graph":[{"@type":"WebPage","@id":"https:\/\/bb-strandhuset.dk\/velkommen\/","url":"https:\/\/bb-strandhuset.dk\/velkommen\/","name":"Velkommen til B&B Strandhuset - Strandhuset","isPartOf":{"@id":"https:\/\/bb-strandhuset.dk\/#website"},"primaryImageOfPage":{"@id":"https:\/\/bb-strandhuset.dk\/velkommen\/#primaryimage"},"image":{"@id":"https:\/\/bb-strandhuset.dk\/velkommen\/#primaryimage"},"thumbnailUrl":"https:\/\/bb-strandhuset.dk\/wp-content\/uploads\/2019\/09\/strandhuset-4-1024x574.jpg","datePublished":"2019-09-11T18:02:07+00:00","dateModified":"2026-02-08T14:49:54+00:00","breadcrumb":{"@id":"https:\/\/bb-strandhuset.dk\/velkommen\/#breadcrumb"},"inLanguage":"en-GB","potentialAction":[{"@type":"ReadAction","target":["https:\/\/bb-strandhuset.dk\/velkommen\/"]}]},{"@type":"ImageObject","inLanguage":"en-GB","@id":"https:\/\/bb-strandhuset.dk\/velkommen\/#primaryimage","url":"https:\/\/bb-strandhuset.dk\/wp-content\/uploads\/2019\/09\/strandhuset-4-1024x574.jpg","contentUrl":"https:\/\/bb-strandhuset.dk\/wp-content\/uploads\/2019\/09\/strandhuset-4-1024x574.jpg"},{"@type":"BreadcrumbList","@id":"https:\/\/bb-strandhuset.dk\/velkommen\/#breadcrumb","itemListElement":[{"@type":"ListItem","position":1,"name":"Hjem","item":"https:\/\/bb-strandhuset.dk\/"},{"@type":"ListItem","position":2,"name":"Velkommen til B&#038;B Strandhuset"}]},{"@type":"WebSite","@id":"https:\/\/bb-strandhuset.dk\/#website","url":"https:\/\/bb-strandhuset.dk\/","name":"FOF7","description":"Bed &amp; Breakfast Strandhuset","publisher":{"@id":"https:\/\/bb-strandhuset.dk\/#\/schema\/person\/8f68dd57db56e7618f8193900bc3c92f"},"potentialAction":[{"@type":"SearchAction","target":{"@type":"EntryPoint","urlTemplate":"https:\/\/bb-strandhuset.dk\/?s={search_term_string}"},"query-input":{"@type":"PropertyValueSpecification","valueRequired":true,"valueName":"search_term_string"}}],"inLanguage":"en-GB"},{"@type":["Person","Organization"],"@id":"https:\/\/bb-strandhuset.dk\/#\/schema\/person\/8f68dd57db56e7618f8193900bc3c92f","name":"fof-7","image":{"@type":"ImageObject","inLanguage":"en-GB","@id":"https:\/\/bb-strandhuset.dk\/#\/schema\/person\/image\/","url":"https:\/\/secure.gravatar.com\/avatar\/a337e83d2ffe0819864f0fcd1159a471?s=96&d=mm&r=g","contentUrl":"https:\/\/secure.gravatar.com\/avatar\/a337e83d2ffe0819864f0fcd1159a471?s=96&d=mm&r=g","caption":"fof-7"},"logo":{"@id":"https:\/\/bb-strandhuset.dk\/#\/schema\/person\/image\/"}}]}},"_links":{"self":[{"href":"https:\/\/bb-strandhuset.dk\/en\/wp-json\/wp\/v2\/pages\/16","targetHints":{"allow":["GET"]}}],"collection":[{"href":"https:\/\/bb-strandhuset.dk\/en\/wp-json\/wp\/v2\/pages"}],"about":[{"href":"https:\/\/bb-strandhuset.dk\/en\/wp-json\/wp\/v2\/types\/page"}],"author":[{"embeddable":true,"href":"https:\/\/bb-strandhuset.dk\/en\/wp-json\/wp\/v2\/users\/1"}],"replies":[{"embeddable":true,"href":"https:\/\/bb-strandhuset.dk\/en\/wp-json\/wp\/v2\/comments?post=16"}],"version-history":[{"count":35,"href":"https:\/\/bb-strandhuset.dk\/en\/wp-json\/wp\/v2\/pages\/16\/revisions"}],"predecessor-version":[{"id":637,"href":"https:\/\/bb-strandhuset.dk\/en\/wp-json\/wp\/v2\/pages\/16\/revisions\/637"}],"wp:attachment":[{"href":"https:\/\/bb-strandhuset.dk\/en\/wp-json\/wp\/v2\/media?parent=16"}],"curies":[{"name":"wp","href":"https:\/\/api.w.org\/{rel}","templated":true}]}}